{"id":9,"date":"2016-01-16T09:32:53","date_gmt":"2016-01-16T09:32:53","guid":{"rendered":"http:\/\/www.teharje.si\/?page_id=2"},"modified":"2026-03-19T10:12:43","modified_gmt":"2026-03-19T10:12:43","slug":"fotozgodovina","status":"publish","type":"page","link":"https:\/\/teharje.si\/","title":{"rendered":"Fotozgodba"},"content":{"rendered":"<p>Teharje v sliki skozi \u010das&#8230;<\/p>\n<figure id=\"attachment_434\" aria-describedby=\"caption-attachment-434\" style=\"width: 300px\" class=\"wp-caption aligncenter\"><img loading=\"lazy\" decoding=\"async\" class=\"wp-image-434 size-medium\" src=\"https:\/\/teharje.si\/wp-content\/uploads\/2026\/03\/Zastavi_Teharskih_plemicev-300x272.jpg\" alt=\"\" width=\"300\" height=\"272\" srcset=\"https:\/\/teharje.si\/wp-content\/uploads\/2026\/03\/Zastavi_Teharskih_plemicev-300x272.jpg 300w, https:\/\/teharje.si\/wp-content\/uploads\/2026\/03\/Zastavi_Teharskih_plemicev.jpg 566w\" sizes=\"auto, (max-width: 300px) 100vw, 300px\" \/><figcaption id=\"caption-attachment-434\" class=\"wp-caption-text\">Zastavi teharskih plemi\u010dev, levo iz boja proti Turkom, desno teharska zastava iz leta 1725 (Slovenec, 12.6.1927, \u0161t. 24, str. 189)<\/figcaption><\/figure>\n<figure id=\"attachment_441\" aria-describedby=\"caption-attachment-441\" style=\"width: 391px\" class=\"wp-caption aligncenter\"><img loading=\"lazy\" decoding=\"async\" class=\"wp-image-441 size-full\" src=\"https:\/\/teharje.si\/wp-content\/uploads\/2026\/03\/Grb_in_zastava_teharske_koseske_skupnosti.png\" alt=\"\" width=\"391\" height=\"562\" srcset=\"https:\/\/teharje.si\/wp-content\/uploads\/2026\/03\/Grb_in_zastava_teharske_koseske_skupnosti.png 391w, https:\/\/teharje.si\/wp-content\/uploads\/2026\/03\/Grb_in_zastava_teharske_koseske_skupnosti-209x300.png 209w\" sizes=\"auto, (max-width: 391px) 100vw, 391px\" \/><figcaption id=\"caption-attachment-441\" class=\"wp-caption-text\">Grb in zastava teharske kose\u0161ke skupnosti. Grb sestavljajo podobe treh hribov (Srebotnik, Bav\u010d &#8211; staro ime BAli\u010d in Ramanca) ter dve zvezdi. Letnica 1713 je povezana z zastavo teharskih kosezov, ki naj bi jo nosili v \u010dasu boja proti Turkom. Izvirnik hrani Pokrajinski muzej Celje. ( Teharje zgodovina kose\u0161ke skupnosti. Glavan, Ocvirk, 2023)<\/figcaption><\/figure>\n<p>&nbsp;<\/p>\n<figure id=\"attachment_436\" aria-describedby=\"caption-attachment-436\" style=\"width: 1257px\" class=\"wp-caption aligncenter\"><img loading=\"lazy\" decoding=\"async\" class=\"wp-image-436 size-full\" src=\"https:\/\/teharje.si\/wp-content\/uploads\/2026\/03\/Teharje-z-okolico-ob-koncu-18-stoletja.png\" alt=\"\" width=\"1257\" height=\"622\" srcset=\"https:\/\/teharje.si\/wp-content\/uploads\/2026\/03\/Teharje-z-okolico-ob-koncu-18-stoletja.png 1257w, https:\/\/teharje.si\/wp-content\/uploads\/2026\/03\/Teharje-z-okolico-ob-koncu-18-stoletja-300x148.png 300w, https:\/\/teharje.si\/wp-content\/uploads\/2026\/03\/Teharje-z-okolico-ob-koncu-18-stoletja-1024x507.png 1024w, https:\/\/teharje.si\/wp-content\/uploads\/2026\/03\/Teharje-z-okolico-ob-koncu-18-stoletja-768x380.png 768w\" sizes=\"auto, (max-width: 1257px) 100vw, 1257px\" \/><figcaption id=\"caption-attachment-436\" class=\"wp-caption-text\">Teharje z okolico ob koncu 18. stoletja (vir: http:\/\/mapire.eu)<\/figcaption><\/figure>\n<p>&nbsp;<\/p>\n<figure id=\"attachment_435\" aria-describedby=\"caption-attachment-435\" style=\"width: 927px\" class=\"wp-caption aligncenter\"><img loading=\"lazy\" decoding=\"async\" class=\"wp-image-435 size-full\" src=\"https:\/\/teharje.si\/wp-content\/uploads\/2026\/03\/Teharje-Litografija-litograf-Joh-Wachtl-Stara-Kaiserjeva-suita.jpg\" alt=\"\" width=\"927\" height=\"705\" srcset=\"https:\/\/teharje.si\/wp-content\/uploads\/2026\/03\/Teharje-Litografija-litograf-Joh-Wachtl-Stara-Kaiserjeva-suita.jpg 927w, https:\/\/teharje.si\/wp-content\/uploads\/2026\/03\/Teharje-Litografija-litograf-Joh-Wachtl-Stara-Kaiserjeva-suita-300x228.jpg 300w, https:\/\/teharje.si\/wp-content\/uploads\/2026\/03\/Teharje-Litografija-litograf-Joh-Wachtl-Stara-Kaiserjeva-suita-768x584.jpg 768w\" sizes=\"auto, (max-width: 927px) 100vw, 927px\" \/><figcaption id=\"caption-attachment-435\" class=\"wp-caption-text\">Teharje. Litografija, litograf Joh. Wachtl, Stara Kaiserjeva suita, 1824-1833. (original hrani Pokrajinski muzej Celje)<\/figcaption><\/figure>\n<p>&nbsp;<\/p>\n<figure id=\"attachment_443\" aria-describedby=\"caption-attachment-443\" style=\"width: 892px\" class=\"wp-caption aligncenter\"><img loading=\"lazy\" decoding=\"async\" class=\"wp-image-443 size-full\" src=\"https:\/\/teharje.si\/wp-content\/uploads\/2026\/03\/Teharje_kolorirana_jedkanica_pred_letom_1850.png\" alt=\"\" width=\"892\" height=\"532\" srcset=\"https:\/\/teharje.si\/wp-content\/uploads\/2026\/03\/Teharje_kolorirana_jedkanica_pred_letom_1850.png 892w, https:\/\/teharje.si\/wp-content\/uploads\/2026\/03\/Teharje_kolorirana_jedkanica_pred_letom_1850-300x179.png 300w, https:\/\/teharje.si\/wp-content\/uploads\/2026\/03\/Teharje_kolorirana_jedkanica_pred_letom_1850-768x458.png 768w\" sizes=\"auto, (max-width: 892px) 100vw, 892px\" \/><figcaption id=\"caption-attachment-443\" class=\"wp-caption-text\">Teharje, kolorirana jedkanica, pred letom 1850. Verjetno v \u010dasu prihoda Ju\u017ene \u017eeleznice. Objavljeno v knjigi Ivana Stoparja: Celjske impresije, dedi\u0161\u010dine kne\u017ejega mesta, Pokrajinski muzej Celje, 2012. ( Teharje zgodovina kose\u0161ke skupnosti. Glavan, Ocvirk, 2023)<\/figcaption><\/figure>\n<p>&nbsp;<\/p>\n<figure id=\"attachment_439\" aria-describedby=\"caption-attachment-439\" style=\"width: 649px\" class=\"wp-caption aligncenter\"><img loading=\"lazy\" decoding=\"async\" class=\"wp-image-439 size-full\" src=\"https:\/\/teharje.si\/wp-content\/uploads\/2026\/03\/Teharje_pred_pozarom_1868.jpg\" alt=\"\" width=\"649\" height=\"506\" srcset=\"https:\/\/teharje.si\/wp-content\/uploads\/2026\/03\/Teharje_pred_pozarom_1868.jpg 649w, https:\/\/teharje.si\/wp-content\/uploads\/2026\/03\/Teharje_pred_pozarom_1868-300x234.jpg 300w\" sizes=\"auto, (max-width: 649px) 100vw, 649px\" \/><figcaption id=\"caption-attachment-439\" class=\"wp-caption-text\">Teharje pred po\u017earom leta 1868 (Ilustrirani Slovenec, 12.6.1927, \u0161t. 24, str. 189)<\/figcaption><\/figure>\n<p>&nbsp;<\/p>\n<figure id=\"attachment_444\" aria-describedby=\"caption-attachment-444\" style=\"width: 1024px\" class=\"wp-caption aligncenter\"><img loading=\"lazy\" decoding=\"async\" class=\"wp-image-444 size-full\" src=\"https:\/\/teharje.si\/wp-content\/uploads\/2026\/03\/Teharje_razglednica_1899.jpg\" alt=\"\" width=\"1024\" height=\"667\" srcset=\"https:\/\/teharje.si\/wp-content\/uploads\/2026\/03\/Teharje_razglednica_1899.jpg 1024w, https:\/\/teharje.si\/wp-content\/uploads\/2026\/03\/Teharje_razglednica_1899-300x195.jpg 300w, https:\/\/teharje.si\/wp-content\/uploads\/2026\/03\/Teharje_razglednica_1899-768x500.jpg 768w\" sizes=\"auto, (max-width: 1024px) 100vw, 1024px\" \/><figcaption id=\"caption-attachment-444\" class=\"wp-caption-text\">Teharje &#8211; Razglednica 1899. (vir: hrani \u017delezarski muzej \u0160tore)<\/figcaption><\/figure>\n<p>&nbsp;<\/p>\n","protected":false},"excerpt":{"rendered":"<p>Teharje v sliki skozi \u010das&#8230; &nbsp; &nbsp; &nbsp; &nbsp; &nbsp; &nbsp;<\/p>\n","protected":false},"author":2,"featured_media":0,"parent":0,"menu_order":0,"comment_status":"closed","ping_status":"open","template":"","meta":{"colormag_page_container_layout":"default_layout","colormag_page_sidebar_layout":"default_layout","footnotes":""},"class_list":["post-9","page","type-page","status-publish","hentry"],"_links":{"self":[{"href":"https:\/\/teharje.si\/index.php\/wp-json\/wp\/v2\/pages\/9","targetHints":{"allow":["GET"]}}],"collection":[{"href":"https:\/\/teharje.si\/index.php\/wp-json\/wp\/v2\/pages"}],"about":[{"href":"https:\/\/teharje.si\/index.php\/wp-json\/wp\/v2\/types\/page"}],"author":[{"embeddable":true,"href":"https:\/\/teharje.si\/index.php\/wp-json\/wp\/v2\/users\/2"}],"replies":[{"embeddable":true,"href":"https:\/\/teharje.si\/index.php\/wp-json\/wp\/v2\/comments?post=9"}],"version-history":[{"count":6,"href":"https:\/\/teharje.si\/index.php\/wp-json\/wp\/v2\/pages\/9\/revisions"}],"predecessor-version":[{"id":445,"href":"https:\/\/teharje.si\/index.php\/wp-json\/wp\/v2\/pages\/9\/revisions\/445"}],"wp:attachment":[{"href":"https:\/\/teharje.si\/index.php\/wp-json\/wp\/v2\/media?parent=9"}],"curies":[{"name":"wp","href":"https:\/\/api.w.org\/{rel}","templated":true}]}}