{"id":86,"date":"2016-08-10T13:45:29","date_gmt":"2016-08-10T11:45:29","guid":{"rendered":"http:\/\/www.teharje.si\/?page_id=86"},"modified":"2016-08-10T13:45:29","modified_gmt":"2016-08-10T11:45:29","slug":"alma-butia","status":"publish","type":"page","link":"https:\/\/teharje.si\/index.php\/znameniti-krajani\/alma-butia\/","title":{"rendered":"Alma Butia"},"content":{"rendered":"<figure id=\"attachment_122\" aria-describedby=\"caption-attachment-122\" style=\"width: 195px\" class=\"wp-caption alignleft\"><a href=\"https:\/\/teharje.si\/wp-content\/uploads\/2016\/08\/Alma_Butia_klub_Svoboda_Teharje.jpg\"><img loading=\"lazy\" decoding=\"async\" class=\"size-medium wp-image-122\" src=\"https:\/\/teharje.si\/wp-content\/uploads\/2016\/08\/Alma_Butia_klub_Svoboda_Teharje-195x300.jpg\" alt=\"Alma Butia (stoji z desne) kot atletinja kluba Svoboda Teharje (zasebni arhiv)\" width=\"195\" height=\"300\" \/><\/a><figcaption id=\"caption-attachment-122\" class=\"wp-caption-text\">Alma Butia (stoji z desne) kot atletinja kluba Svoboda Teharje (zasebni arhiv)<\/figcaption><\/figure>\n<p>Tehar\u010dani so imeli v svoji zgodovini tudi izjemno \u0161portnico in atletinjo pod imenom Alma Butia, ki je doslej kot edina Tehar\u010danka nastopila na olimpijskih igrah. Alma Butia je zapisana v \u0161portno zgodovino kot prva slovenska atletinja, ki je nastopila na poletnih olimpijskih igrah. Rodila se je 9. februarja 1929 na Teharjah o\u010detu Matu Butia, dr\u017eavnemu uradniku in materi Minki, rojeni Zupanc. Danes \u017eivi v Zagrebu s priimkom Car, kjer se je poro\u010dila in ustalila. Svojo \u0161portno pot je za\u010dela pri \u0161portnem klubu Svoboda Teharje, atletskem klubu Teharje, kasneje pa je prestopila v atletski klub Kladivar Celje, kjer je imela bolj\u0161e pogoje za trening in se je njena \u0161portna kariera strmo vzpenjala.<\/p>\n<p>Alma Butia je zmagala avgusta 1946 na prvenstvu celjskega okro\u017eja v lahki atletiki v teku na 60, 100 in 200 m, v skoku v daljino pa je zasedla 2. mesto kot predstavnica atletskega kluba FD Teharje. V teku na 60 in 100 m je postavila najbolj\u0161i izid sezone po osvoboditvi, rezultat 8,1 sekunde na 60 m je bil le za desetinko sekunde slab\u0161i od jugoslovanskega rekorda. Leta 1947 je postala s celjskimi atletinjami Kladivarja ekipna dr\u017eavna jugoslovanska prvakinja v Zagrebu, v teku na 200 metrov pa je postavila nov jugoslovanski rekord s \u010dasom 26,8 sekunde. Jeseni leta 1948 je Alma zaradi \u0161tudija medicine v Zagrebu prestopila v zagreb\u0161ko Mladost, ki je bil tako kot celjski atletski klub v vrhu jugoslovanske atletike. V Zagrebu je trenirala pod vodstvom trenerja \u017darka Su\u0161i\u0107a, kjer je imela tudi veliko nasprotnico, zlasti v teku na 100 metrov Milico \u0160umak.<\/p>\n<p>Prvi ve\u010dji mednarodni uspeh je Alma Butia dosegla leta 1947 na prvenstvu Balkana v Bukare\u0161ti, ko je zmagala v teku na 100 m. \u017de v predtekmovanju je postavila nov jugoslovanski rekord s \u010dasom 12,8 sekunde. Z ekipo Jugoslavije je v teku 4&#215;100 metrov zasedla drugo mesto z jugoslovanskim rekordom 51,6 sekunde. Eden od vrhuncev Almine kariere je bil zagotovo tudi nastop na Olimpijskih igrah leta 1948 v Londonu v teku na 100 in 200 m, kjer pa je izpadla v kvalifikacijah.<\/p>\n<figure id=\"attachment_124\" aria-describedby=\"caption-attachment-124\" style=\"width: 225px\" class=\"wp-caption aligncenter\"><a href=\"https:\/\/teharje.si\/wp-content\/uploads\/2016\/08\/Alma_Butia_olimpijske_igre_London_1948.jpg\" target=\"_blank\"><img loading=\"lazy\" decoding=\"async\" class=\"wp-image-124 size-medium\" title=\"Alma Butia olimpijske igre London 1948\" src=\"https:\/\/teharje.si\/wp-content\/uploads\/2016\/08\/Alma_Butia_olimpijske_igre_London_1948-225x300.jpg\" alt=\"Alma_Butia_olimpijske_igre_London_1948\" width=\"225\" height=\"300\" \/><\/a><figcaption id=\"caption-attachment-124\" class=\"wp-caption-text\">Alma Butia (levo) v dru\u017ebi Marije Radosavljevi\u0107 in Julije Matej na olimpijskih igrah v Londonu 1948. (Himmelreich, Celjski olimpijci 1938-1988, 2012, str. 12)<\/figcaption><\/figure>\n<p>Bila je ve\u010dkratna jugoslovanska dr\u017eavna prvakinja na 100 (1949) in 200 metrov (1948, 1949, 1950, 1951). Jugoslovanski dr\u017eavni rekord na 100 in 200 m je imela leta 1953; na 100 m 12,4 sekunde in na 200 m 26,4 sekunde. Med drugim je nastopila tudi na evropskem prvenstvu v Bruslju leta 1950, kjer je s \u0161tafeto \u017eensk 4&#215;100 zasedla 6. mesto, v teku na 200 metrov pa je izpadla v kvalifikacijah. Slovenska dr\u017eavna prvakinja in s tem dr\u017eavna rekorda je imela na 100 (13,2 s) in 200 m (28,6 s) leta 1947.<\/p>\n<figure id=\"attachment_123\" aria-describedby=\"caption-attachment-123\" style=\"width: 818px\" class=\"wp-caption aligncenter\"><a href=\"https:\/\/teharje.si\/wp-content\/uploads\/2016\/08\/Alma_Butia_med_teharskimi_atleti_in_nogometasi.jpg\"><img loading=\"lazy\" decoding=\"async\" class=\"wp-image-123 size-full\" src=\"https:\/\/teharje.si\/wp-content\/uploads\/2016\/08\/Alma_Butia_med_teharskimi_atleti_in_nogometasi.jpg\" alt=\"Alma Butia (druga z desne) med teharskimi atleti in nogometa\u0161i (zasebni arhiv)\" width=\"818\" height=\"532\" \/><\/a><figcaption id=\"caption-attachment-123\" class=\"wp-caption-text\">Alma Butia (druga z desne) med teharskimi atleti in nogometa\u0161i (zasebni arhiv)<\/figcaption><\/figure>\n<p>Avtor: Matej Ocvirk\t\t<\/p>\n","protected":false},"excerpt":{"rendered":"<p>Tehar\u010dani so imeli v svoji zgodovini tudi izjemno \u0161portnico in atletinjo pod imenom Alma Butia, ki je doslej kot edina<\/p>\n","protected":false},"author":2,"featured_media":0,"parent":10,"menu_order":0,"comment_status":"closed","ping_status":"closed","template":"","meta":{"colormag_page_container_layout":"no_sidebar_full_width","colormag_page_sidebar_layout":"right_sidebar","footnotes":""},"class_list":["post-86","page","type-page","status-publish","hentry"],"_links":{"self":[{"href":"https:\/\/teharje.si\/index.php\/wp-json\/wp\/v2\/pages\/86","targetHints":{"allow":["GET"]}}],"collection":[{"href":"https:\/\/teharje.si\/index.php\/wp-json\/wp\/v2\/pages"}],"about":[{"href":"https:\/\/teharje.si\/index.php\/wp-json\/wp\/v2\/types\/page"}],"author":[{"embeddable":true,"href":"https:\/\/teharje.si\/index.php\/wp-json\/wp\/v2\/users\/2"}],"replies":[{"embeddable":true,"href":"https:\/\/teharje.si\/index.php\/wp-json\/wp\/v2\/comments?post=86"}],"version-history":[{"count":0,"href":"https:\/\/teharje.si\/index.php\/wp-json\/wp\/v2\/pages\/86\/revisions"}],"up":[{"embeddable":true,"href":"https:\/\/teharje.si\/index.php\/wp-json\/wp\/v2\/pages\/10"}],"wp:attachment":[{"href":"https:\/\/teharje.si\/index.php\/wp-json\/wp\/v2\/media?parent=86"}],"curies":[{"name":"wp","href":"https:\/\/api.w.org\/{rel}","templated":true}]}}