{"id":81,"date":"2016-08-10T13:42:44","date_gmt":"2016-08-10T11:42:44","guid":{"rendered":"http:\/\/www.teharje.si\/?page_id=81"},"modified":"2016-08-10T13:42:44","modified_gmt":"2016-08-10T11:42:44","slug":"henrik-peternel","status":"publish","type":"page","link":"https:\/\/teharje.si\/index.php\/znameniti-krajani\/henrik-peternel\/","title":{"rendered":"Henrik Peternel"},"content":{"rendered":"<figure id=\"attachment_111\" aria-describedby=\"caption-attachment-111\" style=\"width: 220px\" class=\"wp-caption alignleft\"><a href=\"https:\/\/teharje.si\/wp-content\/uploads\/2016\/08\/Teharje_Henrik_Peternel_cebelarsko_drustvo.jpg\"><img loading=\"lazy\" decoding=\"async\" class=\"wp-image-111 size-medium\" title=\"Henrik Peternel\" src=\"https:\/\/teharje.si\/wp-content\/uploads\/2016\/08\/Teharje_Henrik_Peternel_cebelarsko_drustvo-220x300.jpg\" alt=\"Henrik Peternel\" width=\"220\" height=\"300\" \/><\/a><figcaption id=\"caption-attachment-111\" class=\"wp-caption-text\">Himmelreich, Henrik Peternel &#8211; zbornik ob 130-letnici delovanja \u010debelarskega dru\u0161tva Henrik Peternel Celje, 2006, str. 25<\/figcaption><\/figure>\n<p>Henrik Peternel (1875-1959) je bil duhovnik, \u010debelar, \u010debelarski u\u010ditelj in praktik, ki ima velike zasluge za razmah in razvoj \u010debelarstva ter \u010debelarske stroke na \u0160tajerskem. Njegova zasluga je tudi razmah \u010debelarstva v nekdanji ob\u010dini Teharje, predvsem v Bukov\u017elaku. Henrik Peternel se je rodil 24. maja 1875 v Gorici o\u010detu Slovencu in materi \u010cehinji, kjer je \u0161tudiral teologijo in bil leta 1898 posve\u010den za duhovnika. S \u010debelarjenjem je za\u010del v kraju Cerkno, kjer je slu\u017eboval. Na \u0160tajersko je prebe\u017eal leta 1917 zaradi slovenske narodne zavesti, pomo\u010di in zavzemanja za \u010dlove\u0161ko ravnanje z ranjenci, tudi italijanskimi vojaki med 1. svetovno vojno na so\u0161kem boji\u0161\u010du. Na \u0160tajerskem je opravljal duhovni\u0161ko slu\u017ebo v \u010cre\u0161njicah pri Frankolovem. Po upokojitvi leta 1926 se je naselil v Bukov\u017elaku, kjer je kupil svoje posestvo in se posvetil \u010debelarjenju. Pri svojih \u010debelnjakih je organiziral razli\u010dna predavanja in pisal strokovne \u010dlanke. Peternel si je svoje domovanje uredil v Bukov\u017elaku \u0161t. 49, kjer si je uredil \u010debelnjake in pre\u017eivljal najve\u010d \u010dasa. Po doma\u010de se \u0161e vedno imenuje v Bukov\u017elaku pri Peternel.<\/p>\n<p>Henrik Peternel ima zasluge tudi za razvoj \u010debelarske dru\u0161tvene organizacije in \u010debelarskih strokovnih listov na \u0160tajerskem. Od leta 1929 je bil \u010dlan odbora \u010cebelarskega dru\u0161tva za Slovenijo, med letoma 1930-1939 podpredsednik \u010cebelarskega dru\u0161tva za Slovenije in predsednik celjske zveze \u010debelarskih<\/p>\n<p>podru\u017enic. Postavil je tudi temelje \u010debelarski zadrugi v Celju. Bil je tudi urednik \u010debelarske revije \u010cebelarski obzornik, objavil pa je tudi vrsto \u010debelarskih strokovnih \u010dlankov ne samo v slovenskih, ampak tudi v tujih revijah. Ob \u010debelnjakih je ve\u010dkrat tudi predaval in organiziral razli\u010dna tematska sre\u010danja.<\/p>\n<figure id=\"attachment_110\" aria-describedby=\"caption-attachment-110\" style=\"width: 300px\" class=\"wp-caption aligncenter\"><a href=\"https:\/\/teharje.si\/wp-content\/uploads\/2016\/08\/Spominska_tabla_Henrik_Peternel_cebelar.jpg\"><img loading=\"lazy\" decoding=\"async\" class=\"wp-image-110 size-medium\" title=\"Spominska tabla Henrik Peternel\" src=\"https:\/\/teharje.si\/wp-content\/uploads\/2016\/08\/Spominska_tabla_Henrik_Peternel_cebelar-300x221.jpg\" alt=\"Spominska tabla \u010debelarju Henriku Peternelu na zadru\u017enem \u010debelnjaku \u010debelarskega dru\u0161tva Henrik Peternel Celje v Zagradu (foto: Matej Ocvirk)\" width=\"300\" height=\"221\" \/><\/a><figcaption id=\"caption-attachment-110\" class=\"wp-caption-text\">Spominska tabla \u010debelarju Henriku Peternelu na zadru\u017enem \u010debelnjaku \u010debelarskega dru\u0161tva Henrik Peternel Celje v Zagradu (foto: Matej Ocvirk)<\/figcaption><\/figure>\n<p>Med 2. svetovno vojno je bil izgnan s strani nacisti\u010dnih oblasti na Hrva\u0161ko. Po prihodu iz izgnanstva je ponovno prevzel mesto predsednika \u010cebelarske zadruge za Slovenijo v Celju, vendar je z mesta predsednika odstopil leta 1948 zaradi slabega zdravja. Umrl je 25. februarja 1951 in je pokopan na celjskem mestnem pokopali\u0161\u010du, v grobnici celjskih opatov in duhovnikov. Da je bil velik ljubitelj in poznavalec \u010debelarstva, dokazuje tudi njegov zapis v oporoki: \u00bbZa \u010debele drobne zvesto je skrbela moja roka. Nadaljujte moje delo, to je moja oporoka\u00ab. Po njem je danes poimenovano \u010cebelarsko dru\u0161tvo Henrik Peternel Celje, kjer je \u010dlan dru\u0161tva tudi marsikateri Tehar\u010dan in Bukov\u017ela\u010dan. \u010cebelarsko dru\u0161tvo v Celju mu je leta 1958 postavilo spominsko tablo na dru\u0161tvenem \u010debelnjaku v Zagradu.<\/p>\n<p>Avtor: Matej Ocvirk\t\t<\/p>\n","protected":false},"excerpt":{"rendered":"<p>Henrik Peternel (1875-1959) je bil duhovnik, \u010debelar, \u010debelarski u\u010ditelj in praktik, ki ima velike zasluge za razmah in razvoj \u010debelarstva<\/p>\n","protected":false},"author":2,"featured_media":0,"parent":10,"menu_order":0,"comment_status":"closed","ping_status":"closed","template":"","meta":{"colormag_page_container_layout":"no_sidebar_full_width","colormag_page_sidebar_layout":"right_sidebar","footnotes":""},"class_list":["post-81","page","type-page","status-publish","hentry"],"_links":{"self":[{"href":"https:\/\/teharje.si\/index.php\/wp-json\/wp\/v2\/pages\/81","targetHints":{"allow":["GET"]}}],"collection":[{"href":"https:\/\/teharje.si\/index.php\/wp-json\/wp\/v2\/pages"}],"about":[{"href":"https:\/\/teharje.si\/index.php\/wp-json\/wp\/v2\/types\/page"}],"author":[{"embeddable":true,"href":"https:\/\/teharje.si\/index.php\/wp-json\/wp\/v2\/users\/2"}],"replies":[{"embeddable":true,"href":"https:\/\/teharje.si\/index.php\/wp-json\/wp\/v2\/comments?post=81"}],"version-history":[{"count":0,"href":"https:\/\/teharje.si\/index.php\/wp-json\/wp\/v2\/pages\/81\/revisions"}],"up":[{"embeddable":true,"href":"https:\/\/teharje.si\/index.php\/wp-json\/wp\/v2\/pages\/10"}],"wp:attachment":[{"href":"https:\/\/teharje.si\/index.php\/wp-json\/wp\/v2\/media?parent=81"}],"curies":[{"name":"wp","href":"https:\/\/api.w.org\/{rel}","templated":true}]}}