{"id":79,"date":"2016-08-10T13:41:31","date_gmt":"2016-08-10T11:41:31","guid":{"rendered":"http:\/\/www.teharje.si\/?page_id=79"},"modified":"2016-08-10T13:41:31","modified_gmt":"2016-08-10T11:41:31","slug":"martin-stojan-ml","status":"publish","type":"page","link":"https:\/\/teharje.si\/index.php\/znameniti-krajani\/martin-stojan-ml\/","title":{"rendered":"Martin Stojan ml."},"content":{"rendered":"<figure id=\"attachment_273\" aria-describedby=\"caption-attachment-273\" style=\"width: 300px\" class=\"wp-caption alignleft\"><a href=\"https:\/\/teharje.si\/wp-content\/uploads\/2016\/08\/druzina_martin_stojan_ml.jpg\"><img loading=\"lazy\" decoding=\"async\" class=\"wp-image-273 size-medium\" src=\"https:\/\/teharje.si\/wp-content\/uploads\/2016\/08\/druzina_martin_stojan_ml-300x203.jpg\" alt=\"Dru\u017eina Martina Stojana ml. okoli leta 1930. (hrani Pokrajinski muzej Maribor)\" width=\"300\" height=\"203\" \/><\/a><figcaption id=\"caption-attachment-273\" class=\"wp-caption-text\">Dru\u017eina Martina Stojana ml. okoli leta 1930 (hrani Pokrajinski muzej Maribor)<\/figcaption><\/figure>\n<p>Martin Stojan ml. (1874-1968) je bil mizarski mojster, \u017eupan, teharski ob\u010dinski odbornik, porotnik na sodi\u0161\u010du in \u010dlan vrste teharskih dru\u0161tev, ki se je rodil v znani teharski mizarski dru\u017eini o\u010detu Martinu Stojanu st. in materi Ne\u017ei, rojeni Ostro\u017enik. Po o\u010detu je nadaljeval dru\u017einsko tradicijo mizarstva in se za to tudi \u0161olal. Med letoma 1888 in 1891 je v o\u010detovi delavnici je opravljal vajeni\u0161tvo in kon\u010dal pripravni\u0161tvo za mizarja. \u0160olanje v Gradcu na obrtni \u0161oli je kon\u010dal leta 1894, leta 1899 pa se je udele\u017eil tudi te\u010daja za mizarskega mojstra na Dunaju. Njegova mizarska delavnica je postala znana tudi v \u0161ir\u0161em slovenskem prostoru , ki je temeljila na uvajanju novosti pri obdelavi lesa, oblikovanju pohi\u0161tva, obenem pa je ostala navezana na tradicionalne obrtne postopke dela. S pohi\u0161tvom in drugim hi\u0161nim inventarjem je opremil domove \u0161tevilnih me\u0161\u010danov in cerkvenih ustanov, med drugim je za svoje delo prejel odlikovanje cesarsko-kraljevega trgovinskega ministrstva Avstro-Ogrske. Leta 1908 so v delavnici izdelali opremo za cerkev sv. Martina na Teharjah po na\u010drtih gra\u0161kega arhitekta Adolfa Wagnerja. Izdelal je tudi klopi za cerkev sv. Martina v \u0160martnem pri Litiji, v cerkvi Jezusovega srca v Ljubljani, odjemalci pa so bili tudi bogati me\u0161\u010dani v Celju, Ljubljani, tudi v Zagrebu.<\/p>\n<figure id=\"attachment_262\" aria-describedby=\"caption-attachment-262\" style=\"width: 525px\" class=\"wp-caption aligncenter\"><a href=\"https:\/\/teharje.si\/wp-content\/uploads\/2016\/08\/Martin_stojan_mizarska_diploma.jpg\"><img loading=\"lazy\" decoding=\"async\" class=\"size-full wp-image-262\" src=\"https:\/\/teharje.si\/wp-content\/uploads\/2016\/08\/Martin_stojan_mizarska_diploma.jpg\" alt=\"Martin Stojan med diplomanti mizarskega te\u010daja leta 1899 na Dunaju (hrani Pokrajinski muzej Maribor)\" width=\"525\" height=\"353\" \/><\/a><figcaption id=\"caption-attachment-262\" class=\"wp-caption-text\">Martin Stojan med diplomanti mizarskega te\u010daja leta 1899 na Dunaju (hrani Pokrajinski muzej Maribor)<\/figcaption><\/figure>\n<figure id=\"attachment_260\" aria-describedby=\"caption-attachment-260\" style=\"width: 236px\" class=\"wp-caption aligncenter\"><a href=\"https:\/\/teharje.si\/wp-content\/uploads\/2016\/08\/Klopi_cerkev_sveti_martin_teharje.jpg\"><img loading=\"lazy\" decoding=\"async\" class=\"wp-image-260 size-medium\" src=\"https:\/\/teharje.si\/wp-content\/uploads\/2016\/08\/Klopi_cerkev_sveti_martin_teharje-236x300.jpg\" alt=\"Klopi v cerkvi sv. Martina na Teharjah. Delo Martina Stojana leta 1908.\" width=\"236\" height=\"300\" \/><\/a><figcaption id=\"caption-attachment-260\" class=\"wp-caption-text\">Klopi v cerkvi sv. Martina na Teharjah. Delo Martina Stojana leta 1908. (avtor: Matej Ocvirk)<\/figcaption><\/figure>\n<p>Stojan je aktivno tudi sodeloval v teharskem ob\u010dinskem \u017eivljenju, zlasti med obema vojnama. \u017de v \u010dasu Habsbur\u0161ke monarhije je bil teharski ob\u010dinski odbornik, zastopal je slovensko narodno smer in bil leta 1904 tudi izvoljen kot predsednik volilnega shoda na Teharjah v \u010dasu ob\u010dinskih volitev. Leta 1919 ga je nova jugoslovanska oblast imenovala za ob\u010dinskega regenta in je predsedoval regentskemu sosvetu na Teharjah. Na tej funkciji je ostal do ob\u010dinskih volitev leta 1921. Na ob\u010dinskih volitvah je zastopal Gospodarsko obrtno listo, ki je strankarsko povezovala teharske obrtnike razli\u010dnih strok. Leta 1924 je bil izvoljen na mesto ob\u010dinskega svetovalca \u017eupana Jo\u017eefa Rebova. Kot ob\u010dinski odbornik je sodeloval v razli\u010dnih ob\u010dinskih odsekih, v gospodarskem, socialnem; bil je tudi preglednik ob\u010dinskih ra\u010dunov leta 1924.<\/p>\n<figure id=\"attachment_261\" aria-describedby=\"caption-attachment-261\" style=\"width: 300px\" class=\"wp-caption aligncenter\"><a href=\"https:\/\/teharje.si\/wp-content\/uploads\/2016\/08\/Oglas_Martin_stojan_mizarska_delavnica.jpg\"><img loading=\"lazy\" decoding=\"async\" class=\"wp-image-261 size-medium\" src=\"https:\/\/teharje.si\/wp-content\/uploads\/2016\/08\/Oglas_Martin_stojan_mizarska_delavnica-300x136.jpg\" alt=\"\u010casopisni oglas za mizarsko delavnico Martina Stojana ml. leta 1905 (Ekar, trgovski in obrtni\u0161ki ka\u017eipot po slovenskem \u0160tajerskem, 1905, str. 383)\" width=\"300\" height=\"136\" \/><\/a><figcaption id=\"caption-attachment-261\" class=\"wp-caption-text\">\u010casopisni oglas za mizarsko delavnico Martina Stojana ml. leta 1905 (Ekar, trgovski in obrtni\u0161ki ka\u017eipot po slovenskem \u0160tajerskem, 1905, str. 383)<\/figcaption><\/figure>\n<p>Martin Stojan je bil \u010dasu pred 1. svetovno vojno \u010dlan Slovenskega politi\u010dnega dru\u0161tva na Teharjah, kjer je bil leta 1905 izvoljen na mesto tajnika dru\u0161tva. Skupaj z bratom \u0160tefanom sta bila med ustanovitelji Gasilskega dru\u0161tva Teharje leta 1921. Kasneje je bil vrsto let odbornik samega dru\u0161tva.<\/p>\n<p>Avtor: Matej Ocvirk\t\t<\/p>\n","protected":false},"excerpt":{"rendered":"<p>Martin Stojan ml. (1874-1968) je bil mizarski mojster, \u017eupan, teharski ob\u010dinski odbornik, porotnik na sodi\u0161\u010du in \u010dlan vrste teharskih dru\u0161tev,<\/p>\n","protected":false},"author":2,"featured_media":0,"parent":10,"menu_order":0,"comment_status":"closed","ping_status":"closed","template":"","meta":{"colormag_page_container_layout":"no_sidebar_full_width","colormag_page_sidebar_layout":"right_sidebar","footnotes":""},"class_list":["post-79","page","type-page","status-publish","hentry"],"_links":{"self":[{"href":"https:\/\/teharje.si\/index.php\/wp-json\/wp\/v2\/pages\/79","targetHints":{"allow":["GET"]}}],"collection":[{"href":"https:\/\/teharje.si\/index.php\/wp-json\/wp\/v2\/pages"}],"about":[{"href":"https:\/\/teharje.si\/index.php\/wp-json\/wp\/v2\/types\/page"}],"author":[{"embeddable":true,"href":"https:\/\/teharje.si\/index.php\/wp-json\/wp\/v2\/users\/2"}],"replies":[{"embeddable":true,"href":"https:\/\/teharje.si\/index.php\/wp-json\/wp\/v2\/comments?post=79"}],"version-history":[{"count":0,"href":"https:\/\/teharje.si\/index.php\/wp-json\/wp\/v2\/pages\/79\/revisions"}],"up":[{"embeddable":true,"href":"https:\/\/teharje.si\/index.php\/wp-json\/wp\/v2\/pages\/10"}],"wp:attachment":[{"href":"https:\/\/teharje.si\/index.php\/wp-json\/wp\/v2\/media?parent=79"}],"curies":[{"name":"wp","href":"https:\/\/api.w.org\/{rel}","templated":true}]}}