{"id":76,"date":"2016-08-10T13:39:03","date_gmt":"2016-08-10T11:39:03","guid":{"rendered":"http:\/\/www.teharje.si\/?page_id=76"},"modified":"2016-08-10T13:39:03","modified_gmt":"2016-08-10T11:39:03","slug":"jozef-rebov","status":"publish","type":"page","link":"https:\/\/teharje.si\/index.php\/znameniti-krajani\/jozef-rebov\/","title":{"rendered":"Jo\u017eef Rebov"},"content":{"rendered":"<figure id=\"attachment_159\" aria-describedby=\"caption-attachment-159\" style=\"width: 242px\" class=\"wp-caption alignleft\"><a href=\"https:\/\/teharje.si\/wp-content\/uploads\/2016\/08\/Jo%C5%BEef_Rebov_70_let.jpg\"><img loading=\"lazy\" decoding=\"async\" class=\"size-medium wp-image-159\" src=\"https:\/\/teharje.si\/wp-content\/uploads\/2016\/08\/Jo%C5%BEef_Rebov_70_let-242x300.jpg\" alt=\"Jo\u017eef Rebov 1926 (Ilustrirani Slovenec, 7.3.1926, \u0161t. 10, str. 6)\" width=\"242\" height=\"300\" \/><\/a><figcaption id=\"caption-attachment-159\" class=\"wp-caption-text\">Jo\u017eef Rebov 1926 (Ilustrirani Slovenec, 7.3.1926, \u0161t. 10, str. 6)<\/figcaption><\/figure>\n<p>Jo\u017eef Rebov (1856-1949), p.d. Janez, je bil posestnik, teharski \u017eupan, politik in \u010dlan vrste teharskih dru\u0161tev doma iz \u010creta. Vrsto let je bil teharski ob\u010dinski odbornik, zastopnik teharskih narodnjakov in teharski \u017eupan v dveh razli\u010dnih dr\u017eavnih tvorbah. V \u010dasu Habsbur\u0161ke monarhije je \u017eupanoval teharski ob\u010dini med letoma 1895 in 1901, v obdobju Kraljevine Jugoslavije pa med letoma 1921 in 1931. Z nastankom Kraljevine SHS in razvojem slovenskega politi\u010dnega \u017eivljenja je bil kandidat in prista\u0161 Slovenske ljudske stranke. Leta 1931 je odstopil z mesta \u017eupanske funkcije, tudi kot ob\u010dinski odbornik zaradi starosti. Njegovo prvo \u017eupansko obdobje \u017eupansko in politi\u010dno delovanje je zaznamovalo oster boj med slovensko in nem\u0161kutarsko stranjo, \u017eupanovanje v \u010dasu jugoslovanske dr\u017eave pa velik gospodarski in dru\u017ebeni napredek v teharski ob\u010dini (ob\u010dina dobi elektri\u010dno povezavo, telefon, vodovod, razvoj industrijskih obratov v sosednjih \u0160torah in Lesne industrije Teharje).<\/p>\n<p>Kot ob\u010dinski odbornik je bil zastopan v razli\u010dnih ob\u010dinskih svetih in krajevnih odborih, med drugim je bil krajevni \u0161olski na\u010delnik teharske \u0161ole med letoma 1906 in 1911, sodeloval pri pripravi slavja ob 100. obletnici teharske \u0161ole in bil v zastopnik teharske ob\u010dine leta 1928, ki je kupila novo ob\u010dinsko hi\u0161o nekdanjo vilo Maksa Oswatitscha (danes sede\u017e Krajevne skupnosti Teharje). Julija 1926 je bil med soustanovitelji \u017dupanske zveze, ki je povezovala \u017eupane in ob\u010dine celjskega okro\u017eja na razli\u010dnih podro\u010djih in skupno zastopanje za ve\u010djo avtonomijo. Kot odbornik v \u017dupanski zvezi je zastopal sodni okraj Celje.<\/p>\n<figure id=\"attachment_160\" aria-describedby=\"caption-attachment-160\" style=\"width: 300px\" class=\"wp-caption aligncenter\"><a href=\"https:\/\/teharje.si\/wp-content\/uploads\/2016\/08\/Podpis_Jo%C5%BEef_Rebov.jpg\"><img loading=\"lazy\" decoding=\"async\" class=\"size-medium wp-image-160\" src=\"https:\/\/teharje.si\/wp-content\/uploads\/2016\/08\/Podpis_Jo%C5%BEef_Rebov-300x107.jpg\" alt=\"Podpis Jo\u017eefa Rebova (hrani Zgodovinski arhiv Celje, Zapisniki sej ob\u010dine Teharje)\" width=\"300\" height=\"107\" \/><\/a><figcaption id=\"caption-attachment-160\" class=\"wp-caption-text\">Podpis Jo\u017eefa Rebova (hrani Zgodovinski arhiv Celje, Zapisniki sej ob\u010dine Teharje)<\/figcaption><\/figure>\n<p>Rebov se je aktivno udejstvoval tudi v teharskem dru\u0161tvenem \u017eivljenju. Bil je med pobudniki in soustanovitelj Slovenskega politi\u010dnega dru\u0161tva, kjer je vrsto let opravljal funkcijo na\u010delnika in podpredsednika dru\u0161tva. Leta 1902 je postal predsednik politi\u010dnega dru\u0161tva, ponovno je bil potrjen \u0161e leta 1905. Ob ustanovitvi Prosvetnega dru\u0161tva Teharje januarja 1911 je postal \u0161e predsednik tega dru\u0161tva. Leta 1912 so ga ponovno potrdili za predsednika dru\u0161tva.<\/p>\n<p>Avtor: Matej Ocvirk<\/p>\n<figure id=\"attachment_161\" aria-describedby=\"caption-attachment-161\" style=\"width: 800px\" class=\"wp-caption aligncenter\"><a href=\"https:\/\/teharje.si\/wp-content\/uploads\/2016\/08\/Jo%C5%BEef_Rebov_in_teharski_veljaki.jpg\"><img loading=\"lazy\" decoding=\"async\" class=\"size-large wp-image-161\" src=\"https:\/\/teharje.si\/wp-content\/uploads\/2016\/08\/Jo%C5%BEef_Rebov_in_teharski_veljaki-1024x657.jpg\" alt=\"Jo\u017eef Rebov (stoji drugi z desne) v dru\u017ebi teharskih veljakov (zasebni arhiv)\" width=\"800\" height=\"513\" \/><\/a><figcaption id=\"caption-attachment-161\" class=\"wp-caption-text\">Jo\u017eef Rebov (stoji drugi z desne) v dru\u017ebi teharskih veljakov (zasebni arhiv)<\/figcaption><\/figure>\n","protected":false},"excerpt":{"rendered":"<p>Jo\u017eef Rebov (1856-1949), p.d. Janez, je bil posestnik, teharski \u017eupan, politik in \u010dlan vrste teharskih dru\u0161tev doma iz \u010creta. Vrsto<\/p>\n","protected":false},"author":2,"featured_media":0,"parent":10,"menu_order":0,"comment_status":"closed","ping_status":"closed","template":"","meta":{"colormag_page_container_layout":"no_sidebar_full_width","colormag_page_sidebar_layout":"right_sidebar","footnotes":""},"class_list":["post-76","page","type-page","status-publish","hentry"],"_links":{"self":[{"href":"https:\/\/teharje.si\/index.php\/wp-json\/wp\/v2\/pages\/76","targetHints":{"allow":["GET"]}}],"collection":[{"href":"https:\/\/teharje.si\/index.php\/wp-json\/wp\/v2\/pages"}],"about":[{"href":"https:\/\/teharje.si\/index.php\/wp-json\/wp\/v2\/types\/page"}],"author":[{"embeddable":true,"href":"https:\/\/teharje.si\/index.php\/wp-json\/wp\/v2\/users\/2"}],"replies":[{"embeddable":true,"href":"https:\/\/teharje.si\/index.php\/wp-json\/wp\/v2\/comments?post=76"}],"version-history":[{"count":0,"href":"https:\/\/teharje.si\/index.php\/wp-json\/wp\/v2\/pages\/76\/revisions"}],"up":[{"embeddable":true,"href":"https:\/\/teharje.si\/index.php\/wp-json\/wp\/v2\/pages\/10"}],"wp:attachment":[{"href":"https:\/\/teharje.si\/index.php\/wp-json\/wp\/v2\/media?parent=76"}],"curies":[{"name":"wp","href":"https:\/\/api.w.org\/{rel}","templated":true}]}}