{"id":74,"date":"2016-08-10T13:31:49","date_gmt":"2016-08-10T11:31:49","guid":{"rendered":"http:\/\/www.teharje.si\/?page_id=69"},"modified":"2016-08-10T13:31:49","modified_gmt":"2016-08-10T11:31:49","slug":"miha-vizjak","status":"publish","type":"page","link":"https:\/\/teharje.si\/index.php\/znameniti-krajani\/miha-vizjak\/","title":{"rendered":"Miha Vizjak"},"content":{"rendered":"<figure id=\"attachment_235\" aria-describedby=\"caption-attachment-235\" style=\"width: 300px\" class=\"wp-caption alignleft\"><a href=\"https:\/\/teharje.si\/wp-content\/uploads\/2016\/08\/miha_vizjak_sadjar.jpg\"><img loading=\"lazy\" decoding=\"async\" class=\"size-medium wp-image-235\" src=\"https:\/\/teharje.si\/wp-content\/uploads\/2016\/08\/miha_vizjak_sadjar-300x283.jpg\" alt=\"Mihael Vizjak (Tedenske slike: priloga Domovini, 30.4.1936, \u0161t. 18, str. 1)\" width=\"300\" height=\"283\" \/><\/a><figcaption id=\"caption-attachment-235\" class=\"wp-caption-text\">Mihael Vizjak (Tedenske slike: priloga Domovini, 30.4.1936, \u0161t. 18, str. 1)<\/figcaption><\/figure>\n<p>Miha Vizjak, p.d. Pe\u010dov\u0161ek, je bil posestnik, znani sadjar, narodnjak in teharski ob\u010dinski odbornik doma iz Pe\u010dovja, ki se je rodil 21. septembra 1814 o\u010detu Janezu Vizjaku in materi Jeri, rojeni \u017dnidar. Posebej ga je odlikovalo delo na podro\u010dju sadjarstva, gojenja vinske trte, pa tudi sviloprejstva. Sadno drevje je presejal, cepil s prilagajanjem in gojenjem divjakov iz gozda. Z gojenjem sadnega drevja si je pomagal tudi s kmetijskimi nasveti iz Bleiweisovih Kmetijskih in rokodelskih novic, ki so za\u010dele izhajati leta 1843, na pobudo njegovega velikega prijatelja Antona Grabi\u010da. Kasneje je sadno drevje gojil skupaj s sinom Matijem, ki se je u\u010dil na poskusnem posestvu in v sviloprejski \u0161oli pri Gradcu. Z nem\u0161kih de\u017eel, predvsem Sa\u0161ke, je za\u010del naro\u010dati in saditi \u017elahtne sorte jablan (Karolina, Burghartova, arleanska in Baumannova renata), hru\u0161k (maslenka, pastorjevka) in \u010de\u0161enj (bele, rde\u010de hrustavke). Okoli\u0161ke kmete je oskrboval s sadikami in jim pomagal z nasveti pri gojenju samega sadnega drevja. Ustanovil je tudi prvo zasebno drevesnico v celjskem okro\u017eju. Za svoje delo na podro\u010dju sadjarstva je bil ve\u010dkrat nagrajen na sadnih razstavah, leta 1864 ga je cesar odlikoval s srebrnim kri\u017ecem za zasluge s krono.<\/p>\n<figure id=\"attachment_233\" aria-describedby=\"caption-attachment-233\" style=\"width: 300px\" class=\"wp-caption aligncenter\"><a href=\"https:\/\/teharje.si\/wp-content\/uploads\/2016\/08\/miha_vizjak_pecovje_hisa.jpg\"><img loading=\"lazy\" decoding=\"async\" class=\"size-medium wp-image-233\" src=\"https:\/\/teharje.si\/wp-content\/uploads\/2016\/08\/miha_vizjak_pecovje_hisa-300x222.jpg\" alt=\"Vizjakova doma\u010dija na Pe\u010dovju (avtor: Matej Ocvirk)\" width=\"300\" height=\"222\" \/><\/a><figcaption id=\"caption-attachment-233\" class=\"wp-caption-text\">Vizjakova doma\u010dija na Pe\u010dovju (avtor: Matej Ocvirk)<\/figcaption><\/figure>\n<figure id=\"attachment_234\" aria-describedby=\"caption-attachment-234\" style=\"width: 300px\" class=\"wp-caption aligncenter\"><a href=\"https:\/\/teharje.si\/wp-content\/uploads\/2016\/08\/spominska_tabla_mihael_vizjak.jpg\"><img loading=\"lazy\" decoding=\"async\" class=\"size-medium wp-image-234\" src=\"https:\/\/teharje.si\/wp-content\/uploads\/2016\/08\/spominska_tabla_mihael_vizjak-300x222.jpg\" alt=\"Spominska tabla znamenitemu sadjarju Mihaelu Vizjaku na doma\u010diji, ki jo je postavila teharska podru\u017enica sadjarskega dru\u0161tva za Slovenijo l. 1936 (avtor: Matej Ocvirk\" width=\"300\" height=\"222\" \/><\/a><figcaption id=\"caption-attachment-234\" class=\"wp-caption-text\">Spominska tabla znamenitemu sadjarju Mihaelu Vizjaku na doma\u010diji, ki jo je postavila teharska podru\u017enica sadjarskega dru\u0161tva za Slovenijo l. 1936 (avtor: Matej Ocvirk<\/figcaption><\/figure>\n<p>Vizjak je bil tudi viden slovenski narodnjak in ob\u010dinski odbornik teharske ob\u010dine. Skupaj s prijateljem Antonom Grabi\u010dem sta podpisala oklic za II. slovenski tabor v \u017dalcu in se ga tudi sama udele\u017eila, ki je bil organiziran 6. septembra 1868. Po ukinitvi teharske plemi\u0161ke ob\u010dine je bil izvoljen leta 1850 v teharski ob\u010dinski odbor, pri teharskemu \u017eupanu Jakobu \u017doharju in Andreju Ostro\u017eniku je opravljal funkcijo ob\u010dinskega svetovalca. Leta 1865 je bil imenovan med drugim tudi v prvi \u0161olski krajevni odbor ob\u010dine Teharje, ponovno leta 1869 in bil imenovan v gradbeni odbor nove teharske \u0161ole. Skupaj s prijateljem Antonom Grabi\u010dem sta se aktivno udejstvovala v celjski Narodni \u010ditalnici in zastopala tako imenovano kme\u010dko strujo Narodne \u010ditalnice. Kot slovenski narodnjak je zastopal tudi slovensko stranko v sami teharski ob\u010dini v borbi pri nem\u0161kutarski strani ter prevelikemu nem\u0161kemu vplivu vodstva \u0161torovske \u017eelezarne. Umrl je 17. marca 1892 in je bil pokopan na teharskem pokopali\u0161\u010du. V spomin na odli\u010dnega sadjarja in kmetovalca je teharska podru\u017enica Sadjarskega in vrtnarskega dru\u0161tva za Slovenijo leta 1936 postavila spominsko tablo na Mihaela Vizjaka na njegovi rojstni hi\u0161i.<\/p>\n<figure id=\"attachment_231\" aria-describedby=\"caption-attachment-231\" style=\"width: 300px\" class=\"wp-caption aligncenter\"><a href=\"https:\/\/teharje.si\/wp-content\/uploads\/2016\/08\/nagrobnik_pookopalisce_teharje_miha_vizjak.jpg\"><img loading=\"lazy\" decoding=\"async\" class=\"size-medium wp-image-231\" src=\"https:\/\/teharje.si\/wp-content\/uploads\/2016\/08\/nagrobnik_pookopalisce_teharje_miha_vizjak-300x227.jpg\" alt=\"Nagrobnik Mihaela Vizjaka na Teharjah (avtor: Matej Ocvirk)\" width=\"300\" height=\"227\" \/><\/a><figcaption id=\"caption-attachment-231\" class=\"wp-caption-text\">Nagrobnik Mihaela Vizjaka na Teharjah (avtor: Matej Ocvirk)<\/figcaption><\/figure>\n<p>Avtor: Matej Ocvirk\t\t<\/p>\n","protected":false},"excerpt":{"rendered":"<p>Miha Vizjak, p.d. Pe\u010dov\u0161ek, je bil posestnik, znani sadjar, narodnjak in teharski ob\u010dinski odbornik doma iz Pe\u010dovja, ki se je<\/p>\n","protected":false},"author":2,"featured_media":0,"parent":10,"menu_order":0,"comment_status":"closed","ping_status":"closed","template":"","meta":{"colormag_page_container_layout":"no_sidebar_full_width","colormag_page_sidebar_layout":"right_sidebar","footnotes":""},"class_list":["post-74","page","type-page","status-publish","hentry"],"_links":{"self":[{"href":"https:\/\/teharje.si\/index.php\/wp-json\/wp\/v2\/pages\/74","targetHints":{"allow":["GET"]}}],"collection":[{"href":"https:\/\/teharje.si\/index.php\/wp-json\/wp\/v2\/pages"}],"about":[{"href":"https:\/\/teharje.si\/index.php\/wp-json\/wp\/v2\/types\/page"}],"author":[{"embeddable":true,"href":"https:\/\/teharje.si\/index.php\/wp-json\/wp\/v2\/users\/2"}],"replies":[{"embeddable":true,"href":"https:\/\/teharje.si\/index.php\/wp-json\/wp\/v2\/comments?post=74"}],"version-history":[{"count":0,"href":"https:\/\/teharje.si\/index.php\/wp-json\/wp\/v2\/pages\/74\/revisions"}],"up":[{"embeddable":true,"href":"https:\/\/teharje.si\/index.php\/wp-json\/wp\/v2\/pages\/10"}],"wp:attachment":[{"href":"https:\/\/teharje.si\/index.php\/wp-json\/wp\/v2\/media?parent=74"}],"curies":[{"name":"wp","href":"https:\/\/api.w.org\/{rel}","templated":true}]}}