{"id":307,"date":"2016-08-12T21:11:46","date_gmt":"2016-08-12T19:11:46","guid":{"rendered":"http:\/\/www.teharje.si\/?page_id=307"},"modified":"2016-08-12T21:11:46","modified_gmt":"2016-08-12T19:11:46","slug":"stefan-stante-1874-1880","status":"publish","type":"page","link":"https:\/\/teharje.si\/index.php\/znameniti-krajani\/zupani\/stefan-stante-1874-1880\/","title":{"rendered":"\u0160tefan \u0160tante (1874-1880)"},"content":{"rendered":"<p>\t\t\t\t\u0160tefan \u0160tante (24.12. 1819 \u2013 27.6. 1906) je je za\u010del \u017eupanovati leta 1874 in je bil na \u010delu teharske ob\u010dine dva mandata, torej do leta 1880. Prvi\u010d je bil izvoljen leta 1874, drugi\u010d pa 1877. V \u010dasu njegovega \u017eupanovanja se je ob\u010dinska blagajna \u010disto spraznila in je za\u0161la v dolgove predvsem zaradi tro\u0161enja. Tako je ob svojem odstopu leta 1880 zapustil za 2.469 goldinarjev primanjkljaja. Najve\u010dji izdatki so predstavljali popravilo teharske \u0161ole (\u010dez 900 gld), nov Traten\u0161ki most (900 gld) in popravilo \u017eupni\u0161\u010da (600 gld). V tem \u010dasu je \u0161la \u017eelezarna v \u0160torah v ste\u010daj pod vodstvom ob\u010dinskega svetovalca Freya in nekaj \u010dasa ni obratovala. Tako se je v ob\u010dinsko blagajno steklo manj davkov.40 V tem \u010dasu se je nem\u0161ki vpliv in mo\u010d nem\u0161ke stranke \u0161e okrepil in raz\u0161iril na teharsko ob\u010dino. Eden o\u010ditkov teharskemu \u017eupanu, predvsem s strani slovensko usmerjenih narodnjakov, je bil, da preve\u010d zastopa nem\u0161ko liberalno strujo. Ob tem je slovenski gospodar opozoril, da \u010drpa svoje znanje in modrosti iz nem\u0161kih \u010dasopisov, predvsem iz celjskega Cillier Zeitunga.<\/p>\n<p>V \u010dasu njegova \u017eupanovanja so izginili tudi ra\u010duni za izgradnjo nove teharske \u0161ole in njeno obnovo. Na ra\u010dun \u017eupana \u0160tanteta so sledile tudi \u0161tevilne obto\u017ebe glede \u017eupanovanja, \u010de\u0161 da to funkcijo zanemarja in jo opravlja nevestno. To se je pokazalo pri po\u017earu v naselju Lipa, ko je ogenj izbruhnil na pustno soboto leta 1876. V po\u017earu so pogorela gospodarska poslopja, razen hi\u0161e posestnika Martina Mravljaka. Teharski \u017eupan ni pustil peljati gasilske brizgalke na pogori\u0161\u010de. To je odsvetoval in izjavil, \u010de\u0161 da se ne spla\u010da. Kasneje je zagorelo \u0161e na dveh poslopjih z \u017eive\u017eem. Zaradi neodgovornosti je bil kaznovan z denarno kaznijo s strani sodi\u0161\u010da. Drugi o\u010ditek je bil na delovanje v ob\u010dinski upravi. Da je nevesten, se je pokazalo, ko \u017ee pol leta ni sklical ob\u010dinske seje. Prav tako svojo \u017eupansko delo ni gradil na dialogu in dobrih medsosedskih odnosih ter je povzro\u010dil \u0161tevilne razprtije med u\u010ditelji, ob\u010dinsko upravo, krajani in samo duhov\u0161\u010dino.43 Tako je \u017eupan \u0160tante posredoval v \u0161oli, ko je teharski katehet pridr\u017eal nekaj u\u010dencev v \u0161oli, da bi se u\u010dili, med drugim njegovo h\u010derko. Zaprte u\u010denke je spustil domov, kaplana pa opozarjal, da nima pravice<br \/>\nzapirati u\u010dencev po pouku. Pred u\u010denci je \u0160tante kateheta ozmerjal, vre\u0161\u010dal nanj, po vrhu pa je \u0161e grozil s pestmi in tolkel po \u0161olskem inventarju. Na koncu je \u0161e povzro\u010dil razprtije v teharski cerkvi. Po nasvetu ob\u010dinskega svetovalca je ustavil pla\u010dilo organistu, ukinil orgljanje ob cerkvenih praznikih in \u0161e nekaj drugih pla\u010dil. Teharski ob\u010dani so trdili, da je to povzro\u010dil iz ma\u0161\u010devanja in razloga, ker ne hodi v cerkev in se ne<br \/>\nudele\u017euje cerkvenih praznikov na Teharjih.<\/p>\n<p>(vir: Matej Ocvirk: \u017dupanove zdrahe, tegobe in radosti)\t\t<\/p>\n","protected":false},"excerpt":{"rendered":"<p>\u0160tefan \u0160tante (24.12. 1819 \u2013 27.6. 1906) je je za\u010del \u017eupanovati leta 1874 in je bil na \u010delu teharske ob\u010dine<\/p>\n","protected":false},"author":2,"featured_media":0,"parent":174,"menu_order":0,"comment_status":"closed","ping_status":"closed","template":"","meta":{"colormag_page_container_layout":"no_sidebar_full_width","colormag_page_sidebar_layout":"right_sidebar","footnotes":""},"class_list":["post-307","page","type-page","status-publish","hentry"],"_links":{"self":[{"href":"https:\/\/teharje.si\/index.php\/wp-json\/wp\/v2\/pages\/307","targetHints":{"allow":["GET"]}}],"collection":[{"href":"https:\/\/teharje.si\/index.php\/wp-json\/wp\/v2\/pages"}],"about":[{"href":"https:\/\/teharje.si\/index.php\/wp-json\/wp\/v2\/types\/page"}],"author":[{"embeddable":true,"href":"https:\/\/teharje.si\/index.php\/wp-json\/wp\/v2\/users\/2"}],"replies":[{"embeddable":true,"href":"https:\/\/teharje.si\/index.php\/wp-json\/wp\/v2\/comments?post=307"}],"version-history":[{"count":0,"href":"https:\/\/teharje.si\/index.php\/wp-json\/wp\/v2\/pages\/307\/revisions"}],"up":[{"embeddable":true,"href":"https:\/\/teharje.si\/index.php\/wp-json\/wp\/v2\/pages\/174"}],"wp:attachment":[{"href":"https:\/\/teharje.si\/index.php\/wp-json\/wp\/v2\/media?parent=307"}],"curies":[{"name":"wp","href":"https:\/\/api.w.org\/{rel}","templated":true}]}}