{"id":303,"date":"2016-08-12T21:03:42","date_gmt":"2016-08-12T19:03:42","guid":{"rendered":"http:\/\/www.teharje.si\/?page_id=303"},"modified":"2016-08-12T21:03:42","modified_gmt":"2016-08-12T19:03:42","slug":"andrej-ostroznik-1867-1871","status":"publish","type":"page","link":"https:\/\/teharje.si\/index.php\/znameniti-krajani\/zupani\/andrej-ostroznik-1867-1871\/","title":{"rendered":"Andrej Ostro\u017enik (1867-1871)"},"content":{"rendered":"<p>\t\t\t\tAndrej Ostro\u017enik (?- 9.2. 1897), teharski posestnik in gostilni\u010dar, ki ni bil v o\u017ejem sorodu s Francem Ostro\u017enikom (oba zagotovo izhajata iz iste teharske rodbine), je za\u010del \u017eupanovati leta 1867. Teharska ob\u010dina je pod njegovim vodstvom ostala narodno usmerjena do leta 1871 in je delovala v skladu s politiko slovenskih narodnjakov. Tako se je ob\u010dina leta 1868 na pobudo \u017eupana Ostro\u017enika pridru\u017eila slovenskim poslancem v \u0161tajerskem de\u017eelnem zboru pri interpelaciji vlade 19. septembra z namenom, da se uvede narodna enakopravnost napram Nemcem, za slovenski jezik v \u0161ole, sodi\u0161\u010da in urade ter zdru\u017eitev Slovencev v Zedinjeno Slovenijo kot narodno celoto. K pozivu slovenskih rodoljubov in narodnjakov, ki so pripravljali ustavni shod v Celju, so pristopili tudi teharski narodni mo\u017eje in teharski \u017eupan. Na pobudo Andreja Ostro\u017enika so podpisali resolucijo tudi ostali ob\u010dinski odborniki. K resoluciji so pristopili naslednji: nekdanji \u017eupan Franc Ostro\u017enik, ob\u010dinski odborniki Matija Dolin\u0161ek, Tone Ko\u0161tomaj, Martin Stojan, Tone Gaj\u0161ek, Jurij Mravljak, Jernej \u0160tor, Valentin Kova\u010d (kasneje pre\u0161el na nem\u0161ko stran), ob\u010dinski tajnik Jo\u017ee Centnar in u\u010ditelj Ga\u0161per Vre\u010dar. \u017dupan Ostro\u017enik je tako ve\u010dkrat podpisal v imenu ob\u010dine peticije slovenskih poslancev v de\u017eelnem zboru za slovensko \u0161olstvo, urade in enakopravnost sloven\u0161\u010dine nem\u0161kemu jeziku na sodi\u0161\u010dih. Andrej Ostro\u017enik je bil tudi eden od teharskih kandidatov na listi slovenskih narodnjakov v okrajne zastope na de\u017eelnozborskih volitvah leta 1870.<\/p>\n<p>Andrej Ostro\u017enik in ostali ob\u010dinski odborniki so bili ve\u010dinoma kme\u010dkega porekla in niso imeli ustreznega znanja, izku\u0161enj pri financah in vodenju ob\u010dinskega prora\u010duna. Zato se je teharski \u017eupan po pomo\u010d obrnil na vodstvo \u0161torovske \u017eelezarne in dolo\u010dil Avgusta Freya za ob\u010dinskega svetovalca. Frey je bil po rodu Nemec, politi\u010dno nem\u0161kega prepri\u010danja, ki ni znal in bolj slabo razumel slovensko. Tako so za\u010dele tudi ob\u010dinske seje potekati deloma v nem\u0161\u010dini. Sklepi teharske ob\u010dine in zapisniki ob\u010dinski sej so se zapisovali v nem\u0161kem jeziku. Velik problem je predstavljalo tudi neznanje in razumevanje nem\u0161kega jezika.<\/p>\n<p>Teharska ob\u010dinska uprava se je lotila tudi prvega ve\u010djega gradbenega projekta po uvedbi novega sistema ob\u010din. Tako je ob\u010dina do leta 1864 poravnala stro\u0161ke za \u0161olo. Avstrijska dr\u017eava je 25. maja 1868 sprejela nov dr\u017eavni \u0161olski zakon, teharska \u0161ola je bila podr\u017eavljena in je postala enorazrednica z 8-letno \u0161olsko obveznostjo. Leta 1868 je bil dolo\u010den tudi nov \u0161olski krajevni odbor, ki so ga sestavljali na\u010delnik Josip Gaj\u0161ek, ravnatelj \u017eelezarne Avgust Frey, Sebastjan Gaj\u0161ek, Miha Vizjak in Andrej Plank. Sprejeli so sklep, da bodo zgradili novo \u0161olsko stavbo in sklep realizirali leta 1869. Teharska ob\u010dina se je odlo\u010dila, da bo opustila staro \u0161olo poleg \u017eupne cerkve in zgradila novo v samem centru vasi Teharje poleg \u0160tefanove cerkve. Gradnja nove \u0161ole je povzro\u010dila spor zaradi lokacije. Pri sami gradnji \u0161ole se je pokazala neodlo\u010dnost, omahljivost in slabo znanje Andreja Ostro\u017enika, ki je ves projekt gradnje \u0161ole prepustil Freyu. Frey je na lastno pest dolo\u010dil novo lokacijo \u0161ole, ki jo je dolo\u010dil v sredi\u0161\u010du vasi med dvema okrajnima in eno privatno cesto. To je pa je vzbudilo oster odpor Tehar\u010danov, ki so protestirali proti temu predlogu. Po razsodbi sodi\u0161\u010da je bil uspe\u0161en Frey, iz sodi\u0161\u010da je pri\u0161el kot politi\u010dni zmagovalec in tako je bila nova \u0161ola sezidana leta 1869 proti volji va\u0161\u010danov. Tehar\u010dani so gradbeni primer gradnje nove \u0161ole ostro zamerili \u017eupanu Ostro\u017eniku in mu o\u010ditali, da postaja slamnati mo\u017e nem\u0161ko usmerjenega Freya in da ni opravil nadzora pri sami gradnji \u0161ole. To je pokazala tudi finan\u010dna bilanca in pregled denarnega stanja ob\u010dine, saj je Ostro\u017enik zapustil svojemu nasledniku le 10.542 goldinarjev in 83 kron. Od predhodnega \u017eupana \u017doharja je prevzel 25.914 goldinarjev in 67 kron. Eden od o\u010ditkov je bil tudi, da je<br \/>\nproti koncu svojega mandata povzro\u010dil krajo ob\u010dinskega denarja in iz\u010drpavanje ob\u010dinske blagajne.<\/p>\n<p>(vir: Matej Ocvirk: \u017dupanove zdrahe, tegobe in radosti)\t\t<\/p>\n","protected":false},"excerpt":{"rendered":"<p>Andrej Ostro\u017enik (?- 9.2. 1897), teharski posestnik in gostilni\u010dar, ki ni bil v o\u017ejem sorodu s Francem Ostro\u017enikom (oba zagotovo<\/p>\n","protected":false},"author":2,"featured_media":0,"parent":174,"menu_order":0,"comment_status":"closed","ping_status":"closed","template":"","meta":{"colormag_page_container_layout":"no_sidebar_full_width","colormag_page_sidebar_layout":"right_sidebar","footnotes":""},"class_list":["post-303","page","type-page","status-publish","hentry"],"_links":{"self":[{"href":"https:\/\/teharje.si\/index.php\/wp-json\/wp\/v2\/pages\/303","targetHints":{"allow":["GET"]}}],"collection":[{"href":"https:\/\/teharje.si\/index.php\/wp-json\/wp\/v2\/pages"}],"about":[{"href":"https:\/\/teharje.si\/index.php\/wp-json\/wp\/v2\/types\/page"}],"author":[{"embeddable":true,"href":"https:\/\/teharje.si\/index.php\/wp-json\/wp\/v2\/users\/2"}],"replies":[{"embeddable":true,"href":"https:\/\/teharje.si\/index.php\/wp-json\/wp\/v2\/comments?post=303"}],"version-history":[{"count":0,"href":"https:\/\/teharje.si\/index.php\/wp-json\/wp\/v2\/pages\/303\/revisions"}],"up":[{"embeddable":true,"href":"https:\/\/teharje.si\/index.php\/wp-json\/wp\/v2\/pages\/174"}],"wp:attachment":[{"href":"https:\/\/teharje.si\/index.php\/wp-json\/wp\/v2\/media?parent=303"}],"curies":[{"name":"wp","href":"https:\/\/api.w.org\/{rel}","templated":true}]}}